{"id":17413,"date":"2022-07-18T17:26:04","date_gmt":"2022-07-18T17:26:04","guid":{"rendered":"https:\/\/crecemasinmuebles.com\/?page_id=17413"},"modified":"2022-07-28T18:53:41","modified_gmt":"2022-07-28T18:53:41","slug":"nosotros","status":"publish","type":"page","link":"https:\/\/crecemasinmuebles.com\/index.php\/nosotros\/","title":{"rendered":"Nosotros"},"content":{"rendered":"<p>[vc_row full_width=\u00bbstretch_row\u00bb full_height=\u00bbyes\u00bb content_placement=\u00bbmiddle\u00bb parallax=\u00bbcontent-moving\u00bb css=\u00bb.vc_custom_1658959819470{background: #0a0a0a url(https:\/\/crecemasinmuebles.com\/wp-content\/uploads\/2022\/07\/v1016-a-08-scaled.jpg?id=17774);background-position:center;background-repeat:-repeat !important;background-size: cover !important;}\u00bb][vc_column][vc_single_image image=\u00bb17418&#8243; img_size=\u00bblarge\u00bb][vc_column_text]<\/p>\n<h4><span style=\"color: #000000;\">Crece \u2795 Inmuebles<\/span><\/h4>\n<p>[\/vc_column_text][vc_row_inner][vc_column_inner width=\u00bb2\/3&#8243;][vc_column_text]<\/p>\n<p style=\"text-align: left;\"><span style=\"color: #000000;\">Somos una empresa comprometida en apoyar a nuestros clientes otorg\u00e1ndoles asesor\u00eda profesional para que su experiencia en <strong>COMPRA, VENTA O RENTA<\/strong> de inmuebles, logre ser su mejor inversi\u00f3n.<\/span><\/p>\n<h5 style=\"text-align: left;\"><span style=\"color: #7ebf1f;\"><strong>\u00a0<img loading=\"lazy\" decoding=\"async\" class=\"alignnone wp-image-17772\" src=\"https:\/\/crecemasinmuebles.com\/wp-content\/uploads\/2022\/07\/valor-1-300x300.png\" alt=\"\" width=\"50\" height=\"50\" srcset=\"https:\/\/crecemasinmuebles.com\/wp-content\/uploads\/2022\/07\/valor-1-300x300.png 300w, https:\/\/crecemasinmuebles.com\/wp-content\/uploads\/2022\/07\/valor-1-150x150.png 150w, https:\/\/crecemasinmuebles.com\/wp-content\/uploads\/2022\/07\/valor-1.png 512w\" sizes=\"auto, (max-width: 50px) 100vw, 50px\" \/> \u00a0<\/strong><\/span><span style=\"color: #7ebf1f;\"><strong>VALORES:<\/strong><\/span><\/h5>\n<p style=\"text-align: left;\">Porque creemos en las ra\u00edces para sostener y dar forma al crecimiento confiamos en nuestros VALORES de:<\/p>\n<p style=\"text-align: left;\"><span style=\"color: #7dbd2b;\"><strong> <img loading=\"lazy\" decoding=\"async\" class=\"alignnone wp-image-17773\" src=\"https:\/\/crecemasinmuebles.com\/wp-content\/uploads\/2022\/07\/cheque-300x300.png\" alt=\"\" width=\"15\" height=\"15\" srcset=\"https:\/\/crecemasinmuebles.com\/wp-content\/uploads\/2022\/07\/cheque-300x300.png 300w, https:\/\/crecemasinmuebles.com\/wp-content\/uploads\/2022\/07\/cheque-150x150.png 150w, https:\/\/crecemasinmuebles.com\/wp-content\/uploads\/2022\/07\/cheque.png 512w\" sizes=\"auto, (max-width: 15px) 100vw, 15px\" \/> Honestidad<\/strong><\/span><br \/>\n<span style=\"color: #7dbd2b;\"><strong><img loading=\"lazy\" decoding=\"async\" class=\"alignnone wp-image-17773\" src=\"https:\/\/crecemasinmuebles.com\/wp-content\/uploads\/2022\/07\/cheque-300x300.png\" alt=\"\" width=\"15\" height=\"15\" srcset=\"https:\/\/crecemasinmuebles.com\/wp-content\/uploads\/2022\/07\/cheque-300x300.png 300w, https:\/\/crecemasinmuebles.com\/wp-content\/uploads\/2022\/07\/cheque-150x150.png 150w, https:\/\/crecemasinmuebles.com\/wp-content\/uploads\/2022\/07\/cheque.png 512w\" sizes=\"auto, (max-width: 15px) 100vw, 15px\" \/> Compromiso<\/strong><\/span><br \/>\n<span style=\"color: #7dbd2b;\"><strong><img loading=\"lazy\" decoding=\"async\" class=\"alignnone wp-image-17773\" src=\"https:\/\/crecemasinmuebles.com\/wp-content\/uploads\/2022\/07\/cheque-300x300.png\" alt=\"\" width=\"15\" height=\"15\" srcset=\"https:\/\/crecemasinmuebles.com\/wp-content\/uploads\/2022\/07\/cheque-300x300.png 300w, https:\/\/crecemasinmuebles.com\/wp-content\/uploads\/2022\/07\/cheque-150x150.png 150w, https:\/\/crecemasinmuebles.com\/wp-content\/uploads\/2022\/07\/cheque.png 512w\" sizes=\"auto, (max-width: 15px) 100vw, 15px\" \/> Lealtad<\/strong><\/span><br \/>\n<span style=\"color: #7dbd2b;\"><strong> <img loading=\"lazy\" decoding=\"async\" class=\"alignnone wp-image-17773\" src=\"https:\/\/crecemasinmuebles.com\/wp-content\/uploads\/2022\/07\/cheque-300x300.png\" alt=\"\" width=\"15\" height=\"15\" srcset=\"https:\/\/crecemasinmuebles.com\/wp-content\/uploads\/2022\/07\/cheque-300x300.png 300w, https:\/\/crecemasinmuebles.com\/wp-content\/uploads\/2022\/07\/cheque-150x150.png 150w, https:\/\/crecemasinmuebles.com\/wp-content\/uploads\/2022\/07\/cheque.png 512w\" sizes=\"auto, (max-width: 15px) 100vw, 15px\" \/> \u00c9tica y<\/strong><\/span><br \/>\n<span style=\"color: #7dbd2b;\"><strong> <img loading=\"lazy\" decoding=\"async\" class=\"alignnone wp-image-17773\" src=\"https:\/\/crecemasinmuebles.com\/wp-content\/uploads\/2022\/07\/cheque-300x300.png\" alt=\"\" width=\"15\" height=\"15\" srcset=\"https:\/\/crecemasinmuebles.com\/wp-content\/uploads\/2022\/07\/cheque-300x300.png 300w, https:\/\/crecemasinmuebles.com\/wp-content\/uploads\/2022\/07\/cheque-150x150.png 150w, https:\/\/crecemasinmuebles.com\/wp-content\/uploads\/2022\/07\/cheque.png 512w\" sizes=\"auto, (max-width: 15px) 100vw, 15px\" \/> Profesionalismo<\/strong><\/span><\/p>\n<p style=\"text-align: left;\">Ellos nos permiten brindar un servicio de excelencia a nuestros clientes y dan la oportunidad de alcanzar las metas que nos proponemos.<\/p>\n<p>[\/vc_column_text][\/vc_column_inner][vc_column_inner width=\u00bb1\/3&#8243;][\/vc_column_inner][\/vc_row_inner][\/vc_column][\/vc_row]<\/p>\n","protected":false},"excerpt":{"rendered":"<p>[vc_row full_width=\u00bbstretch_row\u00bb full_height=\u00bbyes\u00bb content_placement=\u00bbmiddle\u00bb parallax=\u00bbcontent-moving\u00bb css=\u00bb.vc_custom_1658959819470{background: #0a0a0a url(https:\/\/crecemasinmuebles.com\/wp-content\/uploads\/2022\/07\/v1016-a-08-scaled.jpg?id=17774);background-position:center;background-repeat:-repeat !important;background-size: cover !important;}\u00bb][vc_column][vc_single_image image=\u00bb17418&#8243; img_size=\u00bblarge\u00bb][vc_column_text] Crece \u2795 Inmuebles [\/vc_column_text][vc_row_inner][vc_column_inner width=\u00bb2\/3&#8243;][vc_column_text] Somos una empresa comprometida en apoyar a nuestros clientes otorg\u00e1ndoles asesor\u00eda profesional para que su experiencia en COMPRA, VENTA O RENTA de inmuebles, logre ser su mejor inversi\u00f3n. \u00a0 \u00a0VALORES: Porque creemos en las ra\u00edces para sostener<\/p>\n","protected":false},"author":1,"featured_media":0,"parent":0,"menu_order":0,"comment_status":"closed","ping_status":"closed","template":"elementor_header_footer","meta":{"_joinchat":[],"footnotes":""},"class_list":["post-17413","page","type-page","status-publish","hentry"],"_links":{"self":[{"href":"https:\/\/crecemasinmuebles.com\/index.php\/wp-json\/wp\/v2\/pages\/17413","targetHints":{"allow":["GET"]}}],"collection":[{"href":"https:\/\/crecemasinmuebles.com\/index.php\/wp-json\/wp\/v2\/pages"}],"about":[{"href":"https:\/\/crecemasinmuebles.com\/index.php\/wp-json\/wp\/v2\/types\/page"}],"author":[{"embeddable":true,"href":"https:\/\/crecemasinmuebles.com\/index.php\/wp-json\/wp\/v2\/users\/1"}],"replies":[{"embeddable":true,"href":"https:\/\/crecemasinmuebles.com\/index.php\/wp-json\/wp\/v2\/comments?post=17413"}],"version-history":[{"count":20,"href":"https:\/\/crecemasinmuebles.com\/index.php\/wp-json\/wp\/v2\/pages\/17413\/revisions"}],"predecessor-version":[{"id":17871,"href":"https:\/\/crecemasinmuebles.com\/index.php\/wp-json\/wp\/v2\/pages\/17413\/revisions\/17871"}],"wp:attachment":[{"href":"https:\/\/crecemasinmuebles.com\/index.php\/wp-json\/wp\/v2\/media?parent=17413"}],"curies":[{"name":"wp","href":"https:\/\/api.w.org\/{rel}","templated":true}]}}