{"id":17638,"date":"2022-07-19T21:15:53","date_gmt":"2022-07-19T21:15:53","guid":{"rendered":"https:\/\/crecemasinmuebles.com\/?page_id=17638"},"modified":"2022-09-19T15:57:07","modified_gmt":"2022-09-19T15:57:07","slug":"casa-en-venta-carretera-nacional-crc-102","status":"publish","type":"page","link":"https:\/\/crecemasinmuebles.com\/index.php\/casa-en-venta-carretera-nacional-crc-102\/","title":{"rendered":"Casa en venta carretera nacional CRC-102"},"content":{"rendered":"<p>[vc_row][vc_column][vc_separator][\/vc_column][\/vc_row][vc_row][vc_column width=\u00bb2\/3&#8243;][vc_gallery interval=\u00bb3&#8243; images=\u00bb17589,17618&#8243; img_size=\u00bbfull\u00bb title=\u00bbCASA EN VENTA CARRETERA NACIONAL\u00bb][\/vc_column][vc_column width=\u00bb1\/3&#8243;][vc_row_inner][vc_column_inner][vc_separator][vc_column_text][\/vc_column_text][\/vc_column_inner][\/vc_row_inner][vc_column_text]<\/p>\n<h3><\/h3>\n<h3><\/h3>\n<p>&nbsp;<\/p>\n<h5><strong>DESCRIPCI\u00d3N:<\/strong><\/h5>\n<p>Acogedora casa estilo Cl\u00e1sico-Californiano (acadados de marmol, cantera y madera) ubicada en un terreno de 1,265.58 M2 y 800 M2 de construcci\u00f3n cuenta con 3 habitaciones cada una con su propio ba\u00f1o y walk in closet.<\/p>\n<p>En PB se encuentra una 4ta habitaci\u00f3n u ofina con ba\u00f1o completo, Sala Comedor, Tv room, cocina con antecomedor y barra desayunadora de granito, vista a un hermoso y amplio jard\u00edn con alberca, terraza con asador, cuarto de juegos con ba\u00f1o completo. Cochera techada para 3 autos con port\u00f3n el\u00e9ctrico.[\/vc_column_text][vc_separator][vc_column_text]<\/p>\n<h5><strong>$19,300,000<\/strong> EN VENTA<\/h5>\n<p>[\/vc_column_text][\/vc_column][\/vc_row][vc_row][vc_column][vc_column_text]<strong>Caracteristicas:<\/strong><\/p>\n<p>\u00b7 Estacionamiento techado<br \/>\n\u00b7 Facilidad para estacionarse<br \/>\n\u00b7 Garaje<br \/>\n\u00b7 Jard\u00edn<br \/>\n\u00b7 Terraza<br \/>\n\u00b7 Alberca[\/vc_column_text][vc_separator][\/vc_column][\/vc_row][vc_row][vc_column width=\u00bb1\/5&#8243;][vc_column_text]<\/p>\n<p style=\"text-align: center;\"><img loading=\"lazy\" decoding=\"async\" class=\"aligncenter wp-image-17620\" src=\"https:\/\/crecemasinmuebles.com\/wp-content\/uploads\/2022\/07\/fisica-150x150.png\" alt=\"\" width=\"50\" height=\"50\" srcset=\"https:\/\/crecemasinmuebles.com\/wp-content\/uploads\/2022\/07\/fisica-150x150.png 150w, https:\/\/crecemasinmuebles.com\/wp-content\/uploads\/2022\/07\/fisica-300x300.png 300w, https:\/\/crecemasinmuebles.com\/wp-content\/uploads\/2022\/07\/fisica.png 512w\" sizes=\"auto, (max-width: 50px) 100vw, 50px\" \/>Terreno: <strong>1,265.68m\u00b2<\/strong><\/p>\n<p>[\/vc_column_text][\/vc_column][vc_column width=\u00bb1\/5&#8243;][vc_column_text]<\/p>\n<p style=\"text-align: center;\"><img loading=\"lazy\" decoding=\"async\" class=\"wp-image-17621 aligncenter\" src=\"https:\/\/crecemasinmuebles.com\/wp-content\/uploads\/2022\/07\/bosquejo-300x300.png\" alt=\"\" width=\"50\" height=\"50\" srcset=\"https:\/\/crecemasinmuebles.com\/wp-content\/uploads\/2022\/07\/bosquejo-300x300.png 300w, https:\/\/crecemasinmuebles.com\/wp-content\/uploads\/2022\/07\/bosquejo-150x150.png 150w, https:\/\/crecemasinmuebles.com\/wp-content\/uploads\/2022\/07\/bosquejo.png 512w\" sizes=\"auto, (max-width: 50px) 100vw, 50px\" \/>Construcci\u00f3n: <strong>800m\u00b2<\/strong><\/p>\n<p>[\/vc_column_text][\/vc_column][vc_column width=\u00bb1\/5&#8243;][vc_column_text]<\/p>\n<p style=\"text-align: center;\"><img loading=\"lazy\" decoding=\"async\" class=\"wp-image-17622 aligncenter\" src=\"https:\/\/crecemasinmuebles.com\/wp-content\/uploads\/2022\/07\/dormitorio-300x300.png\" alt=\"\" width=\"50\" height=\"50\" srcset=\"https:\/\/crecemasinmuebles.com\/wp-content\/uploads\/2022\/07\/dormitorio-300x300.png 300w, https:\/\/crecemasinmuebles.com\/wp-content\/uploads\/2022\/07\/dormitorio-150x150.png 150w, https:\/\/crecemasinmuebles.com\/wp-content\/uploads\/2022\/07\/dormitorio.png 512w\" sizes=\"auto, (max-width: 50px) 100vw, 50px\" \/>Rec\u00e1maras: <strong>3<\/strong><\/p>\n<p>[\/vc_column_text][\/vc_column][vc_column width=\u00bb1\/5&#8243;][vc_column_text]<\/p>\n<p style=\"text-align: center;\"><img loading=\"lazy\" decoding=\"async\" class=\"wp-image-17625 aligncenter\" src=\"https:\/\/crecemasinmuebles.com\/wp-content\/uploads\/2022\/07\/bano-publico-300x300.png\" alt=\"\" width=\"50\" height=\"50\" srcset=\"https:\/\/crecemasinmuebles.com\/wp-content\/uploads\/2022\/07\/bano-publico-300x300.png 300w, https:\/\/crecemasinmuebles.com\/wp-content\/uploads\/2022\/07\/bano-publico-150x150.png 150w, https:\/\/crecemasinmuebles.com\/wp-content\/uploads\/2022\/07\/bano-publico.png 512w\" sizes=\"auto, (max-width: 50px) 100vw, 50px\" \/>Ba\u00f1os: <strong>2<\/strong><\/p>\n<p>[\/vc_column_text][\/vc_column][vc_column width=\u00bb1\/5&#8243;][vc_column_text]<\/p>\n<p style=\"text-align: center;\"><img loading=\"lazy\" decoding=\"async\" class=\"aligncenter wp-image-17625\" src=\"https:\/\/crecemasinmuebles.com\/wp-content\/uploads\/2022\/07\/bano-publico-300x300.png\" alt=\"\" width=\"50\" height=\"50\" srcset=\"https:\/\/crecemasinmuebles.com\/wp-content\/uploads\/2022\/07\/bano-publico-300x300.png 300w, https:\/\/crecemasinmuebles.com\/wp-content\/uploads\/2022\/07\/bano-publico-150x150.png 150w, https:\/\/crecemasinmuebles.com\/wp-content\/uploads\/2022\/07\/bano-publico.png 512w\" sizes=\"auto, (max-width: 50px) 100vw, 50px\" \/>Medios ba\u00f1os: <strong>2<\/strong><\/p>\n<p>[\/vc_column_text][vc_separator][\/vc_column][\/vc_row][vc_row][vc_column width=\u00bb1\/5&#8243;][vc_column_text]<\/p>\n<p style=\"text-align: center;\"><img loading=\"lazy\" decoding=\"async\" class=\"wp-image-17627 aligncenter\" src=\"https:\/\/crecemasinmuebles.com\/wp-content\/uploads\/2022\/07\/estacionamiento-1-300x300.png\" alt=\"\" width=\"50\" height=\"50\" srcset=\"https:\/\/crecemasinmuebles.com\/wp-content\/uploads\/2022\/07\/estacionamiento-1-300x300.png 300w, https:\/\/crecemasinmuebles.com\/wp-content\/uploads\/2022\/07\/estacionamiento-1-150x150.png 150w, https:\/\/crecemasinmuebles.com\/wp-content\/uploads\/2022\/07\/estacionamiento-1.png 512w\" sizes=\"auto, (max-width: 50px) 100vw, 50px\" \/>Estacionamientos: <strong>3<\/strong><\/p>\n<p>[\/vc_column_text][\/vc_column][vc_column width=\u00bb1\/5&#8243;][vc_column_text]<\/p>\n<p style=\"text-align: center;\"><img loading=\"lazy\" decoding=\"async\" class=\"wp-image-17628 aligncenter\" src=\"https:\/\/crecemasinmuebles.com\/wp-content\/uploads\/2022\/07\/construccion-1-300x300.png\" alt=\"\" width=\"50\" height=\"50\" srcset=\"https:\/\/crecemasinmuebles.com\/wp-content\/uploads\/2022\/07\/construccion-1-300x300.png 300w, https:\/\/crecemasinmuebles.com\/wp-content\/uploads\/2022\/07\/construccion-1-150x150.png 150w, https:\/\/crecemasinmuebles.com\/wp-content\/uploads\/2022\/07\/construccion-1.png 512w\" sizes=\"auto, (max-width: 50px) 100vw, 50px\" \/>Pisos: <strong>2<\/strong><\/p>\n<p>[\/vc_column_text][\/vc_column][vc_column width=\u00bb1\/5&#8243;][vc_column_text]<\/p>\n<p style=\"text-align: center;\"><img loading=\"lazy\" decoding=\"async\" class=\"wp-image-17630 aligncenter\" src=\"https:\/\/crecemasinmuebles.com\/wp-content\/uploads\/2022\/07\/876805-300x300.png\" alt=\"\" width=\"50\" height=\"50\" srcset=\"https:\/\/crecemasinmuebles.com\/wp-content\/uploads\/2022\/07\/876805-300x300.png 300w, https:\/\/crecemasinmuebles.com\/wp-content\/uploads\/2022\/07\/876805-150x150.png 150w, https:\/\/crecemasinmuebles.com\/wp-content\/uploads\/2022\/07\/876805.png 512w\" sizes=\"auto, (max-width: 50px) 100vw, 50px\" \/>Antiguedad: <strong>2002<\/strong><\/p>\n<p>[\/vc_column_text][\/vc_column][vc_column width=\u00bb1\/5&#8243;][vc_column_text]<\/p>\n<p style=\"text-align: center;\">ID: <strong>EB-KR5397<\/strong><\/p>\n<p>[\/vc_column_text][\/vc_column][vc_column width=\u00bb1\/5&#8243;][vc_column_text]<\/p>\n<p style=\"text-align: center;\">Clave interna: <strong>CRC-102<\/strong><\/p>\n<p>[\/vc_column_text][\/vc_column][\/vc_row][vc_row][vc_column][vc_separator][vc_column_text]Lomas de Valle Alto Lomas de Valle Alto, Monterrey[\/vc_column_text][vc_tta_pageable][vc_tta_section title=\u00bbSecci\u00f3n 2&#8243; tab_id=\u00bb1658261278745-4d66e2f4-8155&#8243;][\/vc_tta_section][\/vc_tta_pageable][vc_gmaps link=\u00bb#E-8_JTNDaWZyYW1lJTIwc3JjJTNEJTIyaHR0cHMlM0ElMkYlMkZ3d3cuZ29vZ2xlLmNvbSUyRm1hcHMlMkZlbWJlZCUzRnBiJTNEJTIxMW0xOCUyMTFtMTIlMjExbTMlMjExZDUwOTYuMjQ2Mjg5MTU1MTYzJTIxMmQtMTAwLjE0Mzc5MjYyNDg5NjclMjEzZDI1LjQxODUyMDkxMTc4NTQzMiUyMTJtMyUyMTFmMCUyMTJmMCUyMTNmMCUyMTNtMiUyMTFpMTAyNCUyMTJpNzY4JTIxNGYxMy4xJTIxM20zJTIxMW0yJTIxMXMweDg2NjJjZThiNDI3NDhmZTclMjUzQTB4YTg2YzRjOWQzMDQ2NGM3YSUyMTJzQ2FyciUyNTIwTmFjaW9uYWwlMjUyQyUyNTIwTnVldm8lMjUyMExlJTI1QzMlMjVCM24lMjE1ZTAlMjEzbTIlMjExc2VzJTIxMnNteCUyMTR2MTY1ODI2MDgzMzk1MiUyMTVtMiUyMTFzZXMlMjEyc214JTIyJTIwd2lkdGglM0QlMjI2MDAlMjIlMjBoZWlnaHQlM0QlMjI0NTAlMjIlMjBzdHlsZSUzRCUyMmJvcmRlciUzQTAlM0IlMjIlMjBhbGxvd2Z1bGxzY3JlZW4lM0QlMjIlMjIlMjBsb2FkaW5nJTNEJTIybGF6eSUyMiUyMHJlZmVycmVycG9saWN5JTNEJTIybm8tcmVmZXJyZXItd2hlbi1kb3duZ3JhZGUlMjIlM0UlM0MlMkZpZnJhbWUlM0U=\u00bb css_animation=\u00bbbounceInRight\u00bb title=\u00bbUbicaci\u00f3n:\u00bb][\/vc_column][\/vc_row][vc_row full_width=\u00bbstretch_row\u00bb css=\u00bb.vc_custom_1658266814371{background-image: url(https:\/\/crecemasinmuebles.com\/wp-content\/uploads\/2022\/07\/2052.jpg?id=17599) !important;background-position: center !important;background-repeat: no-repeat !important;background-size: cover !important;}\u00bb][vc_column width=\u00bb2\/3&#8243;][vc_custom_heading text=\u00bbSolicita m\u00e1s informaci\u00f3n\u00bb font_container=\u00bbtag:h2|text_align:left|color:%23ffffff\u00bb google_fonts=\u00bbfont_family:Montserrat%3Aregular%2C700|font_style:700%20bold%20regular%3A700%3Anormal\u00bb][\/vc_column][vc_column width=\u00bb1\/3&#8243;][vc_btn title=\u00bbMAS INFORMACI\u00d3N\u00bb style=\u00bb3d\u00bb color=\u00bbwarning\u00bb size=\u00bblg\u00bb align=\u00bbleft\u00bb link=\u00bburl:https%3A%2F%2Fcrecemasinmuebles.com%2Findex.php%2Fcontacto%2F\u00bb css=\u00bb.vc_custom_1658266792798{margin-bottom: 0px !important;border-bottom-width: 0px !important;padding-bottom: 80px !important;}\u00bb][\/vc_column][\/vc_row]<\/p>\n","protected":false},"excerpt":{"rendered":"<p>[vc_row][vc_column][vc_separator][\/vc_column][\/vc_row][vc_row][vc_column width=\u00bb2\/3&#8243;][vc_gallery interval=\u00bb3&#8243; images=\u00bb17589,17618&#8243; img_size=\u00bbfull\u00bb title=\u00bbCASA EN VENTA CARRETERA NACIONAL\u00bb][\/vc_column][vc_column width=\u00bb1\/3&#8243;][vc_row_inner][vc_column_inner][vc_separator][vc_column_text][\/vc_column_text][\/vc_column_inner][\/vc_row_inner][vc_column_text] &nbsp; DESCRIPCI\u00d3N: Acogedora casa estilo Cl\u00e1sico-Californiano (acadados de marmol, cantera y madera) ubicada en un terreno de 1,265.58 M2 y 800 M2 de construcci\u00f3n cuenta con 3 habitaciones cada una con su propio ba\u00f1o y walk in closet. En PB se encuentra una 4ta<\/p>\n","protected":false},"author":1,"featured_media":0,"parent":0,"menu_order":0,"comment_status":"closed","ping_status":"closed","template":"elementor_header_footer","meta":{"_joinchat":[],"footnotes":""},"class_list":["post-17638","page","type-page","status-publish","hentry"],"_links":{"self":[{"href":"https:\/\/crecemasinmuebles.com\/index.php\/wp-json\/wp\/v2\/pages\/17638","targetHints":{"allow":["GET"]}}],"collection":[{"href":"https:\/\/crecemasinmuebles.com\/index.php\/wp-json\/wp\/v2\/pages"}],"about":[{"href":"https:\/\/crecemasinmuebles.com\/index.php\/wp-json\/wp\/v2\/types\/page"}],"author":[{"embeddable":true,"href":"https:\/\/crecemasinmuebles.com\/index.php\/wp-json\/wp\/v2\/users\/1"}],"replies":[{"embeddable":true,"href":"https:\/\/crecemasinmuebles.com\/index.php\/wp-json\/wp\/v2\/comments?post=17638"}],"version-history":[{"count":12,"href":"https:\/\/crecemasinmuebles.com\/index.php\/wp-json\/wp\/v2\/pages\/17638\/revisions"}],"predecessor-version":[{"id":17899,"href":"https:\/\/crecemasinmuebles.com\/index.php\/wp-json\/wp\/v2\/pages\/17638\/revisions\/17899"}],"wp:attachment":[{"href":"https:\/\/crecemasinmuebles.com\/index.php\/wp-json\/wp\/v2\/media?parent=17638"}],"curies":[{"name":"wp","href":"https:\/\/api.w.org\/{rel}","templated":true}]}}