{"id":17678,"date":"2022-07-20T18:28:17","date_gmt":"2022-07-20T18:28:17","guid":{"rendered":"https:\/\/crecemasinmuebles.com\/?page_id=17678"},"modified":"2022-07-20T18:40:20","modified_gmt":"2022-07-20T18:40:20","slug":"casa-en-pre-venta-en-sierra-alta-9o-sec","status":"publish","type":"page","link":"https:\/\/crecemasinmuebles.com\/index.php\/casa-en-pre-venta-en-sierra-alta-9o-sec\/","title":{"rendered":"Casa en pre-venta en sierra alta 9o Sec"},"content":{"rendered":"<p>[vc_row][vc_column][vc_separator][\/vc_column][\/vc_row][vc_row][vc_column width=\u00bb2\/3&#8243;][vc_gallery interval=\u00bb3&#8243; images=\u00bb17682&#8243; img_size=\u00bbfull\u00bb title=\u00bbCASA EN PRE-VENTA SIERRA ALTA 9o SEC\u00bb][\/vc_column][vc_column width=\u00bb1\/3&#8243;][vc_row_inner][vc_column_inner][vc_separator][vc_column_text][\/vc_column_text][\/vc_column_inner][\/vc_row_inner][vc_column_text]<\/p>\n<h3><\/h3>\n<h3><\/h3>\n<p>&nbsp;<\/p>\n<h5><strong>DESCRIPCI\u00d3N:<\/strong><\/h5>\n<p>Estrena hermosa casa de tres niveles con acabados de lujo y vistas<br \/>\nespectaculares y ubicada en Fracc. Privado con vigilancia 24\/7 y acceso<br \/>\nrestringido.<\/p>\n<p>Cuenta con 4 rec\u00e1maras todas con walk in closet (1 completa en PB), los closets de dise\u00f1o en encino, 5.5 ba\u00f1os, cochera triple, bono para cocina Royal Kitchen en madera de encino con granito y con isla para 8 personas; Family Room a un lado; sala comedor con vista al jard\u00edn; cuarto de servicio, lavander\u00eda en PA.,<br \/>\npisos y zoclo de M\u00e1rmol, ventanas Duo Vent certificadas Cuprum; llaves y regaderas Helvex, sanitarios American Standard de una sola pieza, espejos y puertas de canceles en cristal templado en ba\u00f1os y regaderas; iluminaci\u00f3n led; preparaci\u00f3n para panales solares; preparaci\u00f3n para mini split y\/o climas divididos.<\/p>\n<p>Cochera para tres autos.<br \/>\nPara entregar en Mayo de 2023[\/vc_column_text][vc_separator][vc_column_text]<\/p>\n<h5><strong>$26,900,000<\/strong> EN VENTA<\/h5>\n<p>[\/vc_column_text][\/vc_column][\/vc_row][vc_row][vc_column][vc_column_text]<strong>Caracteristicas:<\/strong><\/p>\n<p>&nbsp;[\/vc_column_text][vc_separator][\/vc_column][\/vc_row][vc_row][vc_column width=\u00bb1\/5&#8243;][vc_column_text]<\/p>\n<p style=\"text-align: center;\"><img loading=\"lazy\" decoding=\"async\" class=\"aligncenter wp-image-17620\" src=\"https:\/\/crecemasinmuebles.com\/wp-content\/uploads\/2022\/07\/fisica-150x150.png\" alt=\"\" width=\"50\" height=\"50\" srcset=\"https:\/\/crecemasinmuebles.com\/wp-content\/uploads\/2022\/07\/fisica-150x150.png 150w, https:\/\/crecemasinmuebles.com\/wp-content\/uploads\/2022\/07\/fisica-300x300.png 300w, https:\/\/crecemasinmuebles.com\/wp-content\/uploads\/2022\/07\/fisica.png 512w\" sizes=\"auto, (max-width: 50px) 100vw, 50px\" \/>Terreno: <strong>777m\u00b2<\/strong><\/p>\n<p>[\/vc_column_text][\/vc_column][vc_column width=\u00bb1\/5&#8243;][vc_column_text]<\/p>\n<p style=\"text-align: center;\"><img loading=\"lazy\" decoding=\"async\" class=\"wp-image-17621 aligncenter\" src=\"https:\/\/crecemasinmuebles.com\/wp-content\/uploads\/2022\/07\/bosquejo-300x300.png\" alt=\"\" width=\"50\" height=\"50\" srcset=\"https:\/\/crecemasinmuebles.com\/wp-content\/uploads\/2022\/07\/bosquejo-300x300.png 300w, https:\/\/crecemasinmuebles.com\/wp-content\/uploads\/2022\/07\/bosquejo-150x150.png 150w, https:\/\/crecemasinmuebles.com\/wp-content\/uploads\/2022\/07\/bosquejo.png 512w\" sizes=\"auto, (max-width: 50px) 100vw, 50px\" \/>Construcci\u00f3n: <strong>750m\u00b2<\/strong><\/p>\n<p>[\/vc_column_text][\/vc_column][vc_column width=\u00bb1\/5&#8243;][vc_column_text]<\/p>\n<p style=\"text-align: center;\"><img loading=\"lazy\" decoding=\"async\" class=\"wp-image-17622 aligncenter\" src=\"https:\/\/crecemasinmuebles.com\/wp-content\/uploads\/2022\/07\/dormitorio-300x300.png\" alt=\"\" width=\"50\" height=\"50\" srcset=\"https:\/\/crecemasinmuebles.com\/wp-content\/uploads\/2022\/07\/dormitorio-300x300.png 300w, https:\/\/crecemasinmuebles.com\/wp-content\/uploads\/2022\/07\/dormitorio-150x150.png 150w, https:\/\/crecemasinmuebles.com\/wp-content\/uploads\/2022\/07\/dormitorio.png 512w\" sizes=\"auto, (max-width: 50px) 100vw, 50px\" \/>Rec\u00e1maras: <strong>4<\/strong><\/p>\n<p>[\/vc_column_text][\/vc_column][vc_column width=\u00bb1\/5&#8243;][vc_column_text]<\/p>\n<p style=\"text-align: center;\"><img loading=\"lazy\" decoding=\"async\" class=\"wp-image-17625 aligncenter\" src=\"https:\/\/crecemasinmuebles.com\/wp-content\/uploads\/2022\/07\/bano-publico-300x300.png\" alt=\"\" width=\"50\" height=\"50\" srcset=\"https:\/\/crecemasinmuebles.com\/wp-content\/uploads\/2022\/07\/bano-publico-300x300.png 300w, https:\/\/crecemasinmuebles.com\/wp-content\/uploads\/2022\/07\/bano-publico-150x150.png 150w, https:\/\/crecemasinmuebles.com\/wp-content\/uploads\/2022\/07\/bano-publico.png 512w\" sizes=\"auto, (max-width: 50px) 100vw, 50px\" \/>Ba\u00f1os: <strong>5<\/strong><\/p>\n<p>[\/vc_column_text][\/vc_column][vc_column width=\u00bb1\/5&#8243;][vc_column_text]<\/p>\n<p style=\"text-align: center;\"><img loading=\"lazy\" decoding=\"async\" class=\"aligncenter wp-image-17625\" src=\"https:\/\/crecemasinmuebles.com\/wp-content\/uploads\/2022\/07\/bano-publico-300x300.png\" alt=\"\" width=\"50\" height=\"50\" srcset=\"https:\/\/crecemasinmuebles.com\/wp-content\/uploads\/2022\/07\/bano-publico-300x300.png 300w, https:\/\/crecemasinmuebles.com\/wp-content\/uploads\/2022\/07\/bano-publico-150x150.png 150w, https:\/\/crecemasinmuebles.com\/wp-content\/uploads\/2022\/07\/bano-publico.png 512w\" sizes=\"auto, (max-width: 50px) 100vw, 50px\" \/>Medios ba\u00f1os: <strong>1<\/strong><\/p>\n<p>[\/vc_column_text][\/vc_column][\/vc_row][vc_row][vc_column width=\u00bb1\/5&#8243;][vc_column_text]<\/p>\n<p style=\"text-align: center;\"><img loading=\"lazy\" decoding=\"async\" class=\"wp-image-17627 aligncenter\" src=\"https:\/\/crecemasinmuebles.com\/wp-content\/uploads\/2022\/07\/estacionamiento-1-300x300.png\" alt=\"\" width=\"50\" height=\"50\" srcset=\"https:\/\/crecemasinmuebles.com\/wp-content\/uploads\/2022\/07\/estacionamiento-1-300x300.png 300w, https:\/\/crecemasinmuebles.com\/wp-content\/uploads\/2022\/07\/estacionamiento-1-150x150.png 150w, https:\/\/crecemasinmuebles.com\/wp-content\/uploads\/2022\/07\/estacionamiento-1.png 512w\" sizes=\"auto, (max-width: 50px) 100vw, 50px\" \/>Estacionamientos: <strong>3<\/strong><\/p>\n<p>[\/vc_column_text][\/vc_column][vc_column width=\u00bb1\/5&#8243;][vc_column_text]<\/p>\n<p style=\"text-align: center;\"><img loading=\"lazy\" decoding=\"async\" class=\"wp-image-17628 aligncenter\" src=\"https:\/\/crecemasinmuebles.com\/wp-content\/uploads\/2022\/07\/construccion-1-300x300.png\" alt=\"\" width=\"50\" height=\"50\" srcset=\"https:\/\/crecemasinmuebles.com\/wp-content\/uploads\/2022\/07\/construccion-1-300x300.png 300w, https:\/\/crecemasinmuebles.com\/wp-content\/uploads\/2022\/07\/construccion-1-150x150.png 150w, https:\/\/crecemasinmuebles.com\/wp-content\/uploads\/2022\/07\/construccion-1.png 512w\" sizes=\"auto, (max-width: 50px) 100vw, 50px\" \/>Pisos: <strong>3<\/strong><\/p>\n<p>[\/vc_column_text][\/vc_column][vc_column width=\u00bb1\/5&#8243;][vc_column_text]<\/p>\n<p style=\"text-align: center;\"><img loading=\"lazy\" decoding=\"async\" class=\"wp-image-17630 aligncenter\" src=\"https:\/\/crecemasinmuebles.com\/wp-content\/uploads\/2022\/07\/876805-300x300.png\" alt=\"\" width=\"50\" height=\"50\" srcset=\"https:\/\/crecemasinmuebles.com\/wp-content\/uploads\/2022\/07\/876805-300x300.png 300w, https:\/\/crecemasinmuebles.com\/wp-content\/uploads\/2022\/07\/876805-150x150.png 150w, https:\/\/crecemasinmuebles.com\/wp-content\/uploads\/2022\/07\/876805.png 512w\" sizes=\"auto, (max-width: 50px) 100vw, 50px\" \/>Antig\u00fcedad: <strong>2022<\/strong><\/p>\n<p>[\/vc_column_text][\/vc_column][vc_column width=\u00bb1\/5&#8243;][vc_column_text]<\/p>\n<p style=\"text-align: center;\">ID: <strong>EB-KT2990<\/strong><\/p>\n<p>[\/vc_column_text][\/vc_column][vc_column width=\u00bb1\/5&#8243;][vc_column_text]<\/p>\n<p style=\"text-align: center;\">Clave interna: <strong>CRC-118<\/strong><\/p>\n<p>[\/vc_column_text][\/vc_column][\/vc_row][vc_row][vc_column][vc_separator][vc_column_text]Rinc\u00f3n de las Monta\u00f1as (Sierra Alta 8 Sector), Monterrey[\/vc_column_text][vc_gmaps link=\u00bb#E-8_JTNDaWZyYW1lJTIwc3JjJTNEJTIyaHR0cHMlM0ElMkYlMkZ3d3cuZ29vZ2xlLmNvbSUyRm1hcHMlMkZlbWJlZCUzRnBiJTNEJTIxMW0xOCUyMTFtMTIlMjExbTMlMjExZDUwOTYuMjQ2Mjg5MTU1MTYzJTIxMmQtMTAwLjE0Mzc5MjYyNDg5NjclMjEzZDI1LjQxODUyMDkxMTc4NTQzMiUyMTJtMyUyMTFmMCUyMTJmMCUyMTNmMCUyMTNtMiUyMTFpMTAyNCUyMTJpNzY4JTIxNGYxMy4xJTIxM20zJTIxMW0yJTIxMXMweDg2NjJjZThiNDI3NDhmZTclMjUzQTB4YTg2YzRjOWQzMDQ2NGM3YSUyMTJzQ2FyciUyNTIwTmFjaW9uYWwlMjUyQyUyNTIwTnVldm8lMjUyMExlJTI1QzMlMjVCM24lMjE1ZTAlMjEzbTIlMjExc2VzJTIxMnNteCUyMTR2MTY1ODI2MDgzMzk1MiUyMTVtMiUyMTFzZXMlMjEyc214JTIyJTIwd2lkdGglM0QlMjI2MDAlMjIlMjBoZWlnaHQlM0QlMjI0NTAlMjIlMjBzdHlsZSUzRCUyMmJvcmRlciUzQTAlM0IlMjIlMjBhbGxvd2Z1bGxzY3JlZW4lM0QlMjIlMjIlMjBsb2FkaW5nJTNEJTIybGF6eSUyMiUyMHJlZmVycmVycG9saWN5JTNEJTIybm8tcmVmZXJyZXItd2hlbi1kb3duZ3JhZGUlMjIlM0UlM0MlMkZpZnJhbWUlM0U=\u00bb css_animation=\u00bbbounceInRight\u00bb title=\u00bbUbicaci\u00f3n:\u00bb][\/vc_column][\/vc_row][vc_row full_width=\u00bbstretch_row\u00bb css=\u00bb.vc_custom_1658266814371{background-image: url(https:\/\/crecemasinmuebles.com\/wp-content\/uploads\/2022\/07\/2052.jpg?id=17599) !important;background-position: center !important;background-repeat: no-repeat !important;background-size: cover !important;}\u00bb][vc_column width=\u00bb2\/3&#8243;][vc_custom_heading text=\u00bbSolicita m\u00e1s informaci\u00f3n\u00bb font_container=\u00bbtag:h2|text_align:left|color:%23ffffff\u00bb google_fonts=\u00bbfont_family:Montserrat%3Aregular%2C700|font_style:700%20bold%20regular%3A700%3Anormal\u00bb][\/vc_column][vc_column width=\u00bb1\/3&#8243;][vc_btn title=\u00bbMAS INFORMACI\u00d3N\u00bb style=\u00bb3d\u00bb color=\u00bbwarning\u00bb size=\u00bblg\u00bb align=\u00bbleft\u00bb link=\u00bburl:https%3A%2F%2Fcrecemasinmuebles.com%2Findex.php%2Fcontacto%2F\u00bb css=\u00bb.vc_custom_1658266792798{margin-bottom: 0px !important;border-bottom-width: 0px !important;padding-bottom: 80px !important;}\u00bb][\/vc_column][\/vc_row]<\/p>\n","protected":false},"excerpt":{"rendered":"<p>[vc_row][vc_column][vc_separator][\/vc_column][\/vc_row][vc_row][vc_column width=\u00bb2\/3&#8243;][vc_gallery interval=\u00bb3&#8243; images=\u00bb17682&#8243; img_size=\u00bbfull\u00bb title=\u00bbCASA EN PRE-VENTA SIERRA ALTA 9o SEC\u00bb][\/vc_column][vc_column width=\u00bb1\/3&#8243;][vc_row_inner][vc_column_inner][vc_separator][vc_column_text][\/vc_column_text][\/vc_column_inner][\/vc_row_inner][vc_column_text] &nbsp; DESCRIPCI\u00d3N: Estrena hermosa casa de tres niveles con acabados de lujo y vistas espectaculares y ubicada en Fracc. Privado con vigilancia 24\/7 y acceso restringido. Cuenta con 4 rec\u00e1maras todas con walk in closet (1 completa en PB), los closets de<\/p>\n","protected":false},"author":1,"featured_media":0,"parent":0,"menu_order":0,"comment_status":"closed","ping_status":"closed","template":"elementor_header_footer","meta":{"_joinchat":[],"footnotes":""},"class_list":["post-17678","page","type-page","status-publish","hentry"],"_links":{"self":[{"href":"https:\/\/crecemasinmuebles.com\/index.php\/wp-json\/wp\/v2\/pages\/17678","targetHints":{"allow":["GET"]}}],"collection":[{"href":"https:\/\/crecemasinmuebles.com\/index.php\/wp-json\/wp\/v2\/pages"}],"about":[{"href":"https:\/\/crecemasinmuebles.com\/index.php\/wp-json\/wp\/v2\/types\/page"}],"author":[{"embeddable":true,"href":"https:\/\/crecemasinmuebles.com\/index.php\/wp-json\/wp\/v2\/users\/1"}],"replies":[{"embeddable":true,"href":"https:\/\/crecemasinmuebles.com\/index.php\/wp-json\/wp\/v2\/comments?post=17678"}],"version-history":[{"count":5,"href":"https:\/\/crecemasinmuebles.com\/index.php\/wp-json\/wp\/v2\/pages\/17678\/revisions"}],"predecessor-version":[{"id":17685,"href":"https:\/\/crecemasinmuebles.com\/index.php\/wp-json\/wp\/v2\/pages\/17678\/revisions\/17685"}],"wp:attachment":[{"href":"https:\/\/crecemasinmuebles.com\/index.php\/wp-json\/wp\/v2\/media?parent=17678"}],"curies":[{"name":"wp","href":"https:\/\/api.w.org\/{rel}","templated":true}]}}