{"id":17919,"date":"2022-09-19T19:29:59","date_gmt":"2022-09-19T19:29:59","guid":{"rendered":"https:\/\/crecemasinmuebles.com\/?page_id=17919"},"modified":"2022-09-19T19:59:44","modified_gmt":"2022-09-19T19:59:44","slug":"departamento-en-venta-renta-2","status":"publish","type":"page","link":"https:\/\/crecemasinmuebles.com\/index.php\/departamento-en-venta-renta-2\/","title":{"rendered":"DEPARTAMENTO EN VENTA \/ RENTA"},"content":{"rendered":"<p>[vc_row][vc_column][vc_separator][\/vc_column][\/vc_row][vc_row][vc_column width=\u00bb2\/3&#8243;][vc_gallery interval=\u00bb3&#8243; images=\u00bb17906,17907&#8243; img_size=\u00bbfull\u00bb title=\u00bbDEPARTAMENTO EN VENTA \/ RENTA \u00ab][\/vc_column][vc_column width=\u00bb1\/3\u00bb][vc_row_inner][vc_column_inner][vc_separator][vc_column_text][\/vc_column_text][\/vc_column_inner][\/vc_row_inner][vc_column_text]<\/p>\n<h6 class=\"semi-bold\"><strong>DEPARTAMENTO EN VENTA \/ RENTA EN SAN PEDRO<\/strong><\/h6>\n<div class=\"description-text open\">\n<p>DEPARTAMENTO EN VENTA \/ RENTA EN SAN PEDRO<br \/>\nHermoso departamento equipado y amueblado de 222m2 ubicado en c\u00e9ntrica zona de San Pedro brindando el f\u00e1cil acceso a v\u00edas r\u00e1pidas, centros comerciales, restaurantes, gimnasios y centros de diversi\u00f3n.<br \/>\nCuenta con:<br \/>\n*3 rec\u00e1maras cada una con su propio ba\u00f1o, walk in closet y peque\u00f1a terraza.<br \/>\n*Cocina equipada y barra de granito.<br \/>\n*\u00c1rea social abierta.<br \/>\n*1\/2 ba\u00f1o de visitas<br \/>\n*Lavander\u00eda<br \/>\n*Cuarto de servicio con su propio ba\u00f1o<br \/>\n*2 lugares de estacionamiento<br \/>\n***AMENIDADES***<br \/>\n*Terraza con asador<br \/>\n*Sala de eventos conectada a la terraza<br \/>\n*Gimnasio<\/p>\n<\/div>\n<p>&nbsp;[\/vc_column_text][vc_separator][vc_column_text]<\/p>\n<h5><strong>$18,500,000<\/strong> VENTA\u00a0 \/\u00a0<strong> $95,000\u00a0<\/strong> RENTA<\/h5>\n<p>[\/vc_column_text][\/vc_column][\/vc_row][vc_row][vc_column][vc_column_text]<strong>Caracteristicas:<\/strong>[\/vc_column_text][vc_separator][\/vc_column][\/vc_row][vc_row][vc_column width=\u00bb1\/5&#8243;][vc_column_text]<\/p>\n<p style=\"text-align: center;\"><img loading=\"lazy\" decoding=\"async\" class=\"aligncenter wp-image-17620\" src=\"https:\/\/crecemasinmuebles.com\/wp-content\/uploads\/2022\/07\/fisica-150x150.png\" alt=\"\" width=\"50\" height=\"50\" srcset=\"https:\/\/crecemasinmuebles.com\/wp-content\/uploads\/2022\/07\/fisica-150x150.png 150w, https:\/\/crecemasinmuebles.com\/wp-content\/uploads\/2022\/07\/fisica-300x300.png 300w, https:\/\/crecemasinmuebles.com\/wp-content\/uploads\/2022\/07\/fisica.png 512w\" sizes=\"auto, (max-width: 50px) 100vw, 50px\" \/>Terreno:<\/p>\n<p>[\/vc_column_text][\/vc_column][vc_column width=\u00bb1\/5&#8243;][vc_column_text]<\/p>\n<p style=\"text-align: center;\"><img loading=\"lazy\" decoding=\"async\" class=\"wp-image-17621 aligncenter\" src=\"https:\/\/crecemasinmuebles.com\/wp-content\/uploads\/2022\/07\/bosquejo-300x300.png\" alt=\"\" width=\"50\" height=\"50\" srcset=\"https:\/\/crecemasinmuebles.com\/wp-content\/uploads\/2022\/07\/bosquejo-300x300.png 300w, https:\/\/crecemasinmuebles.com\/wp-content\/uploads\/2022\/07\/bosquejo-150x150.png 150w, https:\/\/crecemasinmuebles.com\/wp-content\/uploads\/2022\/07\/bosquejo.png 512w\" sizes=\"auto, (max-width: 50px) 100vw, 50px\" \/>Construcci\u00f3n: <strong>222m\u00b2<\/strong><\/p>\n<p>[\/vc_column_text][\/vc_column][vc_column width=\u00bb1\/5&#8243;][vc_column_text]<\/p>\n<p style=\"text-align: center;\"><img loading=\"lazy\" decoding=\"async\" class=\"wp-image-17622 aligncenter\" src=\"https:\/\/crecemasinmuebles.com\/wp-content\/uploads\/2022\/07\/dormitorio-300x300.png\" alt=\"\" width=\"50\" height=\"50\" srcset=\"https:\/\/crecemasinmuebles.com\/wp-content\/uploads\/2022\/07\/dormitorio-300x300.png 300w, https:\/\/crecemasinmuebles.com\/wp-content\/uploads\/2022\/07\/dormitorio-150x150.png 150w, https:\/\/crecemasinmuebles.com\/wp-content\/uploads\/2022\/07\/dormitorio.png 512w\" sizes=\"auto, (max-width: 50px) 100vw, 50px\" \/>Rec\u00e1maras: <strong>3<\/strong><\/p>\n<p>[\/vc_column_text][\/vc_column][vc_column width=\u00bb1\/5&#8243;][vc_column_text]<\/p>\n<p style=\"text-align: center;\"><img loading=\"lazy\" decoding=\"async\" class=\"wp-image-17625 aligncenter\" src=\"https:\/\/crecemasinmuebles.com\/wp-content\/uploads\/2022\/07\/bano-publico-300x300.png\" alt=\"\" width=\"50\" height=\"50\" srcset=\"https:\/\/crecemasinmuebles.com\/wp-content\/uploads\/2022\/07\/bano-publico-300x300.png 300w, https:\/\/crecemasinmuebles.com\/wp-content\/uploads\/2022\/07\/bano-publico-150x150.png 150w, https:\/\/crecemasinmuebles.com\/wp-content\/uploads\/2022\/07\/bano-publico.png 512w\" sizes=\"auto, (max-width: 50px) 100vw, 50px\" \/>Ba\u00f1os: <b>3<\/b><\/p>\n<p>[\/vc_column_text][\/vc_column][vc_column width=\u00bb1\/5&#8243;][vc_column_text]<\/p>\n<p style=\"text-align: center;\"><img loading=\"lazy\" decoding=\"async\" class=\"aligncenter wp-image-17625\" src=\"https:\/\/crecemasinmuebles.com\/wp-content\/uploads\/2022\/07\/bano-publico-300x300.png\" alt=\"\" width=\"50\" height=\"50\" srcset=\"https:\/\/crecemasinmuebles.com\/wp-content\/uploads\/2022\/07\/bano-publico-300x300.png 300w, https:\/\/crecemasinmuebles.com\/wp-content\/uploads\/2022\/07\/bano-publico-150x150.png 150w, https:\/\/crecemasinmuebles.com\/wp-content\/uploads\/2022\/07\/bano-publico.png 512w\" sizes=\"auto, (max-width: 50px) 100vw, 50px\" \/>Medios ba\u00f1os: <strong>1<\/strong><\/p>\n<p>[\/vc_column_text][\/vc_column][\/vc_row][vc_row][vc_column width=\u00bb1\/5&#8243;][vc_column_text]<\/p>\n<p style=\"text-align: center;\"><img loading=\"lazy\" decoding=\"async\" class=\"wp-image-17627 aligncenter\" src=\"https:\/\/crecemasinmuebles.com\/wp-content\/uploads\/2022\/07\/estacionamiento-1-300x300.png\" alt=\"\" width=\"50\" height=\"50\" srcset=\"https:\/\/crecemasinmuebles.com\/wp-content\/uploads\/2022\/07\/estacionamiento-1-300x300.png 300w, https:\/\/crecemasinmuebles.com\/wp-content\/uploads\/2022\/07\/estacionamiento-1-150x150.png 150w, https:\/\/crecemasinmuebles.com\/wp-content\/uploads\/2022\/07\/estacionamiento-1.png 512w\" sizes=\"auto, (max-width: 50px) 100vw, 50px\" \/>Estacionamientos: <b>2<\/b><\/p>\n<p>[\/vc_column_text][\/vc_column][vc_column width=\u00bb1\/5&#8243;][vc_column_text]<\/p>\n<p style=\"text-align: center;\"><img loading=\"lazy\" decoding=\"async\" class=\"wp-image-17628 aligncenter\" src=\"https:\/\/crecemasinmuebles.com\/wp-content\/uploads\/2022\/07\/construccion-1-300x300.png\" alt=\"\" width=\"50\" height=\"50\" srcset=\"https:\/\/crecemasinmuebles.com\/wp-content\/uploads\/2022\/07\/construccion-1-300x300.png 300w, https:\/\/crecemasinmuebles.com\/wp-content\/uploads\/2022\/07\/construccion-1-150x150.png 150w, https:\/\/crecemasinmuebles.com\/wp-content\/uploads\/2022\/07\/construccion-1.png 512w\" sizes=\"auto, (max-width: 50px) 100vw, 50px\" \/>Pisos: <b>1<\/b><\/p>\n<p>[\/vc_column_text][\/vc_column][vc_column width=\u00bb1\/5&#8243;][vc_column_text]<\/p>\n<p style=\"text-align: center;\"><img loading=\"lazy\" decoding=\"async\" class=\"wp-image-17630 aligncenter\" src=\"https:\/\/crecemasinmuebles.com\/wp-content\/uploads\/2022\/07\/876805-300x300.png\" alt=\"\" width=\"50\" height=\"50\" srcset=\"https:\/\/crecemasinmuebles.com\/wp-content\/uploads\/2022\/07\/876805-300x300.png 300w, https:\/\/crecemasinmuebles.com\/wp-content\/uploads\/2022\/07\/876805-150x150.png 150w, https:\/\/crecemasinmuebles.com\/wp-content\/uploads\/2022\/07\/876805.png 512w\" sizes=\"auto, (max-width: 50px) 100vw, 50px\" \/>Antig\u00fcedad: <strong>1 a\u00f1o<\/strong><\/p>\n<p>[\/vc_column_text][\/vc_column][vc_column width=\u00bb1\/5&#8243;][vc_column_text]<\/p>\n<p style=\"text-align: center;\">ID: <strong>EB-LK5173<\/strong><\/p>\n<p>[\/vc_column_text][\/vc_column][vc_column width=\u00bb1\/5&#8243;][vc_column_text]<\/p>\n<p style=\"text-align: center;\">Clave interna: <strong>CRC-179<\/strong><\/p>\n<p>[\/vc_column_text][\/vc_column][\/vc_row][vc_row][vc_column][vc_separator][vc_column_text]Centrito Valle, San Pedro, Garza Garc\u00eda, N.L.[\/vc_column_text][vc_gmaps link=\u00bb#E-8_aHR0cHMlM0ElMkYlMkZ3d3cuZ29vZ2xlLmNvbSUyRm1hcHMlMkZzZWFyY2glMkZjZW50cml0byUyQnZhbGxlJTJGJTQwMjUuNjU4OTU3MyUyQy0xMDAuMzY2OTc3MiUyQzE3eiUyRmRhdGElM0QlMjEzbTElMjE0YjE=\u00bb css_animation=\u00bbbounceInRight\u00bb title=\u00bbUbicaci\u00f3n: R\u00edo de la plata \u00ab][\/vc_column][\/vc_row][vc_row full_width=\u00bbstretch_row\u00bb css=\u00bb.vc_custom_1658266814371{background-image: url(https:\/\/crecemasinmuebles.com\/wp-content\/uploads\/2022\/07\/2052.jpg?id=17599) !important;background-position: center !important;background-repeat: no-repeat !important;background-size: cover !important;}\u00bb][vc_column width=\u00bb2\/3&#8243;][vc_custom_heading text=\u00bbSolicita m\u00e1s informaci\u00f3n\u00bb font_container=\u00bbtag:h2|text_align:left|color:%23ffffff\u00bb google_fonts=\u00bbfont_family:Montserrat%3Aregular%2C700|font_style:700%20bold%20regular%3A700%3Anormal\u00bb][\/vc_column][vc_column width=\u00bb1\/3&#8243;][vc_btn title=\u00bbMAS INFORMACI\u00d3N\u00bb style=\u00bb3d\u00bb color=\u00bbwarning\u00bb size=\u00bblg\u00bb align=\u00bbleft\u00bb link=\u00bburl:https%3A%2F%2Fcrecemasinmuebles.com%2Findex.php%2Fcontacto%2F\u00bb css=\u00bb.vc_custom_1658266792798{margin-bottom: 0px !important;border-bottom-width: 0px !important;padding-bottom: 80px !important;}\u00bb][\/vc_column][\/vc_row]<\/p>\n","protected":false},"excerpt":{"rendered":"<p>[vc_row][vc_column][vc_separator][\/vc_column][\/vc_row][vc_row][vc_column width=\u00bb2\/3&#8243;][vc_gallery interval=\u00bb3&#8243; images=\u00bb17906,17907&#8243; img_size=\u00bbfull\u00bb title=\u00bbDEPARTAMENTO EN VENTA \/ RENTA \u00ab][\/vc_column][vc_column width=\u00bb1\/3\u00bb][vc_row_inner][vc_column_inner][vc_separator][vc_column_text][\/vc_column_text][\/vc_column_inner][\/vc_row_inner][vc_column_text] DEPARTAMENTO EN VENTA \/ RENTA EN SAN PEDRO DEPARTAMENTO EN VENTA \/ RENTA EN SAN PEDRO Hermoso departamento equipado y amueblado de 222m2 ubicado en c\u00e9ntrica zona de San Pedro brindando el f\u00e1cil acceso a v\u00edas r\u00e1pidas, centros comerciales, restaurantes, gimnasios y centros<\/p>\n","protected":false},"author":1,"featured_media":0,"parent":0,"menu_order":0,"comment_status":"closed","ping_status":"closed","template":"elementor_header_footer","meta":{"_joinchat":[],"footnotes":""},"class_list":["post-17919","page","type-page","status-publish","hentry"],"_links":{"self":[{"href":"https:\/\/crecemasinmuebles.com\/index.php\/wp-json\/wp\/v2\/pages\/17919","targetHints":{"allow":["GET"]}}],"collection":[{"href":"https:\/\/crecemasinmuebles.com\/index.php\/wp-json\/wp\/v2\/pages"}],"about":[{"href":"https:\/\/crecemasinmuebles.com\/index.php\/wp-json\/wp\/v2\/types\/page"}],"author":[{"embeddable":true,"href":"https:\/\/crecemasinmuebles.com\/index.php\/wp-json\/wp\/v2\/users\/1"}],"replies":[{"embeddable":true,"href":"https:\/\/crecemasinmuebles.com\/index.php\/wp-json\/wp\/v2\/comments?post=17919"}],"version-history":[{"count":3,"href":"https:\/\/crecemasinmuebles.com\/index.php\/wp-json\/wp\/v2\/pages\/17919\/revisions"}],"predecessor-version":[{"id":17923,"href":"https:\/\/crecemasinmuebles.com\/index.php\/wp-json\/wp\/v2\/pages\/17919\/revisions\/17923"}],"wp:attachment":[{"href":"https:\/\/crecemasinmuebles.com\/index.php\/wp-json\/wp\/v2\/media?parent=17919"}],"curies":[{"name":"wp","href":"https:\/\/api.w.org\/{rel}","templated":true}]}}